{"id":52,"date":"2013-03-25T15:55:44","date_gmt":"2013-03-25T15:55:44","guid":{"rendered":"http:\/\/bveinsbach.de\/?page_id=52"},"modified":"2016-02-11T09:48:44","modified_gmt":"2016-02-11T09:48:44","slug":"mitglieder","status":"publish","type":"page","link":"http:\/\/bveinsbach.de\/?page_id=52","title":{"rendered":"Mitglieder"},"content":{"rendered":"<table style=\"height: 727px;\" border=\"0\" width=\"420\" cellspacing=\"0\" cellpadding=\"0\">\n<colgroup>\n<col width=\"100\" \/>\n<col width=\"100\" \/>\n<col width=\"100\" \/> <\/colgroup>\n<tbody>\n<tr>\n<td width=\"100\" height=\"25\">Matthias Schlatterer<\/td>\n<td width=\"100\">Rico Lampl<\/td>\n<td width=\"100\">Ben Hei\u00df<\/td>\n<\/tr>\n<tr>\n<td width=\"100\" height=\"25\">Christoph Hainzinger<\/td>\n<td width=\"100\">Ketterl Sebastian<\/td>\n<td width=\"100\">Andi Gensicke<\/td>\n<\/tr>\n<tr>\n<td width=\"100\" height=\"25\">Maxi Strixner<\/td>\n<td width=\"100\">Martin Lang<\/td>\n<td width=\"100\">Thomas Lang<\/td>\n<\/tr>\n<tr>\n<td width=\"100\" height=\"25\">Tommy Strixner<\/td>\n<td width=\"100\">Hannes M\u00f6sl<\/td>\n<td width=\"100\">Marcel Lauber<\/td>\n<\/tr>\n<tr>\n<td width=\"100\" height=\"25\">Christian Strixner<\/td>\n<td width=\"100\">Hannes Schmeuser<\/td>\n<td width=\"100\">Wolfi Trinkl<\/td>\n<\/tr>\n<tr>\n<td width=\"100\" height=\"25\">Hansi Hartl jun.<\/td>\n<td width=\"100\">Richi Hainzinger<\/td>\n<td width=\"100\">Seppi Trinkl<\/td>\n<\/tr>\n<tr>\n<td width=\"100\" height=\"25\">Franzi Trinkl<\/td>\n<td width=\"100\">Christian Hartl<\/td>\n<td width=\"100\">Hei\u00df Patrick<\/td>\n<\/tr>\n<tr>\n<td width=\"100\" height=\"25\">Maxi Berghammer<\/td>\n<td width=\"100\">Michael Glei\u00df<\/td>\n<td width=\"100\">Martin Glei\u00df<\/td>\n<\/tr>\n<tr>\n<td width=\"100\" height=\"25\">Patrick Hambalgo<\/td>\n<td width=\"100\">Maxi Hambalgo<\/td>\n<td width=\"100\">Thomas Plabst<\/td>\n<\/tr>\n<tr>\n<td width=\"100\" height=\"25\">Hannes Plabst<\/td>\n<td width=\"100\">Alex Lampl<\/td>\n<td width=\"100\">Denny Rittler<\/td>\n<\/tr>\n<tr>\n<td width=\"100\" height=\"25\">Helle Schamberger<\/td>\n<td width=\"100\">Sebastian Wenger<\/td>\n<td width=\"100\">Sebastian Probst<\/td>\n<\/tr>\n<tr>\n<td width=\"100\" height=\"25\">Ronny Thieme<\/td>\n<td width=\"100\">Flo Burgmann<\/td>\n<td width=\"100\">Michael Wagner<\/td>\n<\/tr>\n<tr>\n<td width=\"100\" height=\"25\">Schwarz Simon<\/td>\n<td width=\"100\">Simon Hainzinger<\/td>\n<td width=\"100\">Thomas Fried<\/td>\n<\/tr>\n<tr>\n<td width=\"100\" height=\"25\">Lindenauer Daniel<\/td>\n<td width=\"100\">Anthony Gr\u00f6ger<\/td>\n<td width=\"100\">Florian Strixner<\/td>\n<\/tr>\n<\/tbody>\n<\/table>\n","protected":false},"excerpt":{"rendered":"<p>Matthias Schlatterer Rico Lampl Ben Hei\u00df Christoph Hainzinger Ketterl Sebastian Andi Gensicke Maxi Strixner Martin Lang Thomas Lang Tommy Strixner Hannes M\u00f6sl Marcel Lauber Christian Strixner Hannes Schmeuser Wolfi Trinkl Hansi Hartl jun. Richi Hainzinger Seppi Trinkl Franzi Trinkl Christian Hartl Hei\u00df Patrick Maxi Berghammer Michael Glei\u00df Martin Glei\u00df Patrick Hambalgo Maxi Hambalgo Thomas Plabst [&hellip;]<\/p>\n","protected":false},"author":1,"featured_media":0,"parent":0,"menu_order":0,"comment_status":"open","ping_status":"open","template":"","meta":{"ngg_post_thumbnail":0,"footnotes":""},"class_list":["post-52","page","type-page","status-publish","hentry","fancy-gallery-content-unit"],"_links":{"self":[{"href":"http:\/\/bveinsbach.de\/index.php?rest_route=\/wp\/v2\/pages\/52","targetHints":{"allow":["GET"]}}],"collection":[{"href":"http:\/\/bveinsbach.de\/index.php?rest_route=\/wp\/v2\/pages"}],"about":[{"href":"http:\/\/bveinsbach.de\/index.php?rest_route=\/wp\/v2\/types\/page"}],"author":[{"embeddable":true,"href":"http:\/\/bveinsbach.de\/index.php?rest_route=\/wp\/v2\/users\/1"}],"replies":[{"embeddable":true,"href":"http:\/\/bveinsbach.de\/index.php?rest_route=%2Fwp%2Fv2%2Fcomments&post=52"}],"version-history":[{"count":7,"href":"http:\/\/bveinsbach.de\/index.php?rest_route=\/wp\/v2\/pages\/52\/revisions"}],"predecessor-version":[{"id":340,"href":"http:\/\/bveinsbach.de\/index.php?rest_route=\/wp\/v2\/pages\/52\/revisions\/340"}],"wp:attachment":[{"href":"http:\/\/bveinsbach.de\/index.php?rest_route=%2Fwp%2Fv2%2Fmedia&parent=52"}],"curies":[{"name":"wp","href":"https:\/\/api.w.org\/{rel}","templated":true}]}}